{"id":411,"date":"2024-02-03T23:13:36","date_gmt":"2024-02-03T23:13:36","guid":{"rendered":"https:\/\/www.xn--klangfrsche-xfb.de\/?page_id=411"},"modified":"2024-02-03T23:13:36","modified_gmt":"2024-02-03T23:13:36","slug":"impressum","status":"publish","type":"page","link":"https:\/\/www.xn--klangfrsche-xfb.de\/index.php\/impressum\/","title":{"rendered":"Impressum"},"content":{"rendered":"\n<p class=\"has-base-color has-text-color has-link-color wp-elements-51376785f537bd4e14c8d189aebaca5d\"><strong>Die Klangfr\u00f6sche<\/strong><\/p>\n\n\n\n<p class=\"has-base-color has-text-color has-link-color wp-elements-03e7f34f6947b7a4eb552f2c5673029f\">Sarah Hamann<\/p>\n\n\n\n<p class=\"has-base-color has-text-color has-link-color wp-elements-9f03033ea50d25ff876d2875a1dc3910\">Heideweg 6a<\/p>\n\n\n\n<p class=\"has-base-color has-text-color has-link-color wp-elements-ed05a4a9ff9a191c2cf365f37762e0fa\">23923 Herrnburg<\/p>\n\n\n\n<p class=\"has-base-color has-text-color has-link-color wp-elements-e661cdd4b544984f55c780a2201c6c55\">kontakt@klangfr\u00f6sche.de<\/p>\n\n\n\n<p class=\"has-base-color has-text-color has-link-color wp-elements-93bce5c405dbd3827ae0a662cc721a35\"><\/p>\n\n\n\n<p class=\"has-base-color has-text-color has-link-color wp-elements-e1532cdfb80aa4dbd882a5a0a9a79e8a\"><strong>Haftungshinweis<\/strong>: Trotz sorgf\u00e4ltiger inhaltlicher Kontrolle \u00fcbernehmen wir keine Haftung f\u00fcr die Inhalte externer Links. F\u00fcr den Inhalt der verlinkten Seiten sind ausschlie\u00dflich deren Betreiber verantwortlich.<\/p>\n\n\n\n<p class=\"has-base-color has-text-color has-link-color wp-elements-cd4c6ddf4d68d5eca23cf1e778144dbb\"><strong>Urheberrecht<\/strong>: Die auf dieser Website ver\u00f6ffentlichten Inhalte unterliegen dem deutschen Urheberrecht. Jegliche Verwendung bedarf der schriftlichen Zustimmung des Urhebers oder Rechteinhabers.<\/p>\n\n\n\n<p class=\"has-base-color has-text-color has-link-color wp-elements-8f14739fb9c2dacd7250df95f45ed95a\">Datenschutz: Informationen zum Datenschutz findest du in unserer Datenschutzerkl\u00e4rung.<\/p>\n\n\n\n<p class=\"has-base-color has-text-color has-link-color wp-elements-354e5ba0d1212541db493b343f5e96c8\"><strong>Hinweis gem\u00e4\u00df Online-Streitbeilegungsverordnung: <\/strong>Die Europ\u00e4ische Kommission stellt eine Plattform zur Online-Streitbeilegung (OS) bereit, die du unter <a>https:\/\/ec.europa.eu\/consumers\/odr<\/a> findest. Wir sind bereit, an einem au\u00dfergerichtlichen Schlichtungsverfahren teilzunehmen.<\/p>\n","protected":false},"excerpt":{"rendered":"<p>Die Klangfr\u00f6sche Sarah Hamann Heideweg 6a 23923 Herrnburg kontakt@klangfr\u00f6sche.de Haftungshinweis: Trotz sorgf\u00e4ltiger inhaltlicher Kontrolle \u00fcbernehmen wir keine Haftung f\u00fcr die Inhalte externer Links. F\u00fcr den Inhalt der verlinkten Seiten sind ausschlie\u00dflich deren Betreiber verantwortlich. Urheberrecht: Die auf dieser Website ver\u00f6ffentlichten Inhalte unterliegen dem deutschen Urheberrecht. Jegliche Verwendung bedarf der schriftlichen Zustimmung des Urhebers oder Rechteinhabers. [&hellip;]<\/p>\n","protected":false},"author":1,"featured_media":0,"parent":0,"menu_order":0,"comment_status":"closed","ping_status":"closed","template":"","meta":{"jetpack_post_was_ever_published":false,"footnotes":""},"class_list":["post-411","page","type-page","status-publish","hentry"],"jetpack_sharing_enabled":true,"jetpack_shortlink":"https:\/\/wp.me\/PatXvr-6D","jetpack-related-posts":[],"_links":{"self":[{"href":"https:\/\/www.xn--klangfrsche-xfb.de\/index.php\/wp-json\/wp\/v2\/pages\/411","targetHints":{"allow":["GET"]}}],"collection":[{"href":"https:\/\/www.xn--klangfrsche-xfb.de\/index.php\/wp-json\/wp\/v2\/pages"}],"about":[{"href":"https:\/\/www.xn--klangfrsche-xfb.de\/index.php\/wp-json\/wp\/v2\/types\/page"}],"author":[{"embeddable":true,"href":"https:\/\/www.xn--klangfrsche-xfb.de\/index.php\/wp-json\/wp\/v2\/users\/1"}],"replies":[{"embeddable":true,"href":"https:\/\/www.xn--klangfrsche-xfb.de\/index.php\/wp-json\/wp\/v2\/comments?post=411"}],"version-history":[{"count":2,"href":"https:\/\/www.xn--klangfrsche-xfb.de\/index.php\/wp-json\/wp\/v2\/pages\/411\/revisions"}],"predecessor-version":[{"id":435,"href":"https:\/\/www.xn--klangfrsche-xfb.de\/index.php\/wp-json\/wp\/v2\/pages\/411\/revisions\/435"}],"wp:attachment":[{"href":"https:\/\/www.xn--klangfrsche-xfb.de\/index.php\/wp-json\/wp\/v2\/media?parent=411"}],"curies":[{"name":"wp","href":"https:\/\/api.w.org\/{rel}","templated":true}]}}